{"id":883,"date":"2015-05-19T21:26:35","date_gmt":"2015-05-19T19:26:35","guid":{"rendered":"http:\/\/www.segelclub-neubaeu.de\/?page_id=883"},"modified":"2026-03-18T11:25:57","modified_gmt":"2026-03-18T09:25:57","slug":"ausschreibungen-regatten-2015","status":"publish","type":"page","link":"https:\/\/www.segelclub-neubaeu.de\/?page_id=883","title":{"rendered":"Ausschreibungen Regatten 2026"},"content":{"rendered":"<h1 style=\"text-align: center;\">Ausschreibung<\/h1>\n<p style=\"text-align: center;\">f\u00fcr die Regatten um den jeweiligen<\/p>\n<h1 style=\"text-align: center;\">Bayerwaldpokal<br \/>auf dem Neub\u00e4uer See<\/h1>\n<p style=\"text-align: center;\">f\u00fcr die Bootsklassen<\/p>\n<h3 style=\"text-align: center;\">FD<\/h3>\n<h3 style=\"text-align: center;\">Conger \/ Laser<\/h3>\n<p style=\"text-align: center;\">&#8212;&#8212;&#8212;&#8212;&#8212;&#8212;&#8212;&#8212;&#8212;&#8212;&#8212;&#8212;&#8212;&#8212;&#8212;&#8212;&#8212;&#8212;&#8212;&#8212;&#8212;&#8212;&#8211;<\/p>\n<p style=\"text-align: center;\">Der 1. Start ist f\u00fcr den Samstag um 13.00 Uhr vorgesehen, folgende Starts nach Ansage.<\/p>\n<ul>\n<li>\n<div>Es sind bis zu 4 Wettfahrten m\u00f6glich.<\/div>\n<\/li>\n<li>\n<div>Bei 4 g\u00fcltigen Wettfahrten wird das schlechteste Ergebnis gestrichen.<\/div>\n<\/li>\n<\/ul>\n<p>Wichtig: F\u00fcr die Bootsklassen FD und Conger sind aufholbare Ruderanlagen aufgrund der geringen Wassertiefe erforderlich. Falls Sie keine aufholbare Ruderanlage besitzen, hat unser Club f\u00fcr FDs aufholbare Anlagen vorr\u00e4tig bzw. sind wir bei der Vermittlung gerne behilflich!<\/p>\n<h4>Meldungen \u00fcber <a href=\"https:\/\/www.manage2sail.com\/de-DE\/Club\/Detail\/28146bbd-8db4-4304-b6f9-a2a2042ad690\">manage2sail<\/a>:<\/h4>\n<p><a href=\"https:\/\/www.manage2sail.com\/de-de\/event\/43c14717-d140-41a3-95d5-9a880fb02e38#!\/\">Bavarian Open (RR) 09.-10. Mai 2026 auf dem Steinberger See<\/a><\/p>\n<p><a href=\"https:\/\/www.manage2sail.com\/de-DE\/event\/4158a9ea-ac4c-4234-8644-a64c7f675a3f#!\/\">Offene SCNS Vereinsmeisterschaft Laser\/ ILCA 20. Mai &#8211; 21. Juni 2026<\/a><\/p>\n<p><a href=\"https:\/\/www.manage2sail.com\/de-DE\/event\/0ec828ee-de35-4cbb-a3d2-ebb869d57f2a#!\/\">Bayerwaldpokal Conger &amp; Bayerische Landesmeisterschaft, 4. Akt: 19.-20. Juli 2025<\/a><\/p>\n<h4>Meldegeld:<\/h4>\n<ul>\n<li>\n<div>FD, Conger: 40.00\u20ac<\/div>\n<\/li>\n<li>\n<div>Laser: 20.00\u20ac<\/div>\n<\/li>\n<li>\n<div>Opti: 15.00\u20ac<\/div>\n<\/li>\n<\/ul>\n<p>Meldeschluss ist eine Woche vor dem jeweiligen Regattatermin.<\/p>\n<h4>Segelanweisung:<\/h4>\n<p>Ausgabe vor dem ersten Start bei Zahlung des Meldegeldes oder erh\u00e4ltlich \u00fcber die Veranstaltungsseite auf Manage2sail.de.<\/p>\n<h4>Siegerehrung:<\/h4>\n<p>ca. 1 Stunde nach Ende der letzten Wettfahrt.<\/p>\n<h4>Organisatorisches:<\/h4>\n<p>Eine Anreise ist ab Freitag vor Regattabeginn m\u00f6glich. Auf dem Clubgel\u00e4nde k\u00f6nnen Zelte aufgebaut und Wohnmobile aufgestellt werden. Wir sind auch gerne bei der Vermittlung von preiswerten Unterk\u00fcnften behilflich. Bitte einfach bei der Meldung angeben! Am Samstagabend findet im Clubhaus ein gem\u00fctlicher Seglerhock nach dem Segeln statt. Pro Teilnehmer sind 1 Essen und 1 Getr\u00e4nk in der Meldegeb\u00fchr inkludiert!<\/p>\n<h4>Haftung:<\/h4>\n<p>Jeder Steuermann ist f\u00fcr die richtige seem\u00e4nnische F\u00fchrung seines Bootes selbst verantwortlich. Jegliche Haftung von Veranstalter und Ausrichter f\u00fcr Unf\u00e4lle und Sch\u00e4den aller Art (auf dem Wasser oder dem Clubgel\u00e4nde) im Zusammenhang mit der Regattaveranstaltung ist ausgeschlossen.<br \/>Eine entsprechende Erkl\u00e4rung muss bei der Ausgabe der Segelanweisung unterschrieben werden.<\/p>\n\n\n<p><\/p>\n","protected":false},"excerpt":{"rendered":"<p>Ausschreibung f\u00fcr die Regatten um den jeweiligen Bayerwaldpokalauf dem Neub\u00e4uer See f\u00fcr die Bootsklassen FD Conger \/ Laser &#8212;&#8212;&#8212;&#8212;&#8212;&#8212;&#8212;&#8212;&#8212;&#8212;&#8212;&#8212;&#8212;&#8212;&#8212;&#8212;&#8212;&#8212;&#8212;&#8212;&#8212;&#8212;&#8211; Der 1. Start ist f\u00fcr den Samstag um 13.00 Uhr vorgesehen, folgende Starts nach Ansage. Es sind bis zu 4 Wettfahrten m\u00f6glich. Bei 4 g\u00fcltigen Wettfahrten wird das schlechteste Ergebnis gestrichen. Wichtig: F\u00fcr die Bootsklassen FD &hellip; <\/p>\n<p class=\"link-more\"><a href=\"https:\/\/www.segelclub-neubaeu.de\/?page_id=883\" class=\"more-link\">Mehr <span class=\"screen-reader-text\">\u00fcber &#8222;Ausschreibungen Regatten 2026&#8220; <\/span>Lesen<\/a><\/p>\n","protected":false},"author":1,"featured_media":928,"parent":0,"menu_order":0,"comment_status":"open","ping_status":"closed","template":"","meta":{"jetpack_post_was_ever_published":false,"footnotes":""},"class_list":["post-883","page","type-page","status-publish","has-post-thumbnail","hentry"],"jetpack_shortlink":"https:\/\/wp.me\/P1OL3r-ef","jetpack_sharing_enabled":true,"featured_media_urls":{"thumbnail":["https:\/\/www.segelclub-neubaeu.de\/wp-content\/uploads\/2016\/05\/Bild-4-150x150.jpg",150,150,true],"medium":["https:\/\/www.segelclub-neubaeu.de\/wp-content\/uploads\/2016\/05\/Bild-4-300x199.jpg",300,199,true],"medium_large":["https:\/\/www.segelclub-neubaeu.de\/wp-content\/uploads\/2016\/05\/Bild-4.jpg",768,512,false],"large":["https:\/\/www.segelclub-neubaeu.de\/wp-content\/uploads\/2016\/05\/Bild-4-1024x682.jpg",950,633,true],"1536x1536":["https:\/\/www.segelclub-neubaeu.de\/wp-content\/uploads\/2016\/05\/Bild-4-1536x1024.jpg",1536,1024,true],"2048x2048":["https:\/\/www.segelclub-neubaeu.de\/wp-content\/uploads\/2016\/05\/Bild-4-2048x1365.jpg",2048,1365,true],"inspiro-featured-image":["https:\/\/www.segelclub-neubaeu.de\/wp-content\/uploads\/2016\/05\/Bild-4-2000x1333.jpg",2000,1333,true],"inspiro-loop":["https:\/\/www.segelclub-neubaeu.de\/wp-content\/uploads\/2016\/05\/Bild-4-950x320.jpg",950,320,true],"inspiro-loop@2x":["https:\/\/www.segelclub-neubaeu.de\/wp-content\/uploads\/2016\/05\/Bild-4-1900x640.jpg",1900,640,true],"portfolio_item-thumbnail":["https:\/\/www.segelclub-neubaeu.de\/wp-content\/uploads\/2016\/05\/Bild-4-600x400.jpg",600,400,true],"portfolio_item-thumbnail@2x":["https:\/\/www.segelclub-neubaeu.de\/wp-content\/uploads\/2016\/05\/Bild-4-1200x800.jpg",1200,800,true],"portfolio_item-masonry":["https:\/\/www.segelclub-neubaeu.de\/wp-content\/uploads\/2016\/05\/Bild-4-600x400.jpg",600,400,true],"portfolio_item-masonry@2x":["https:\/\/www.segelclub-neubaeu.de\/wp-content\/uploads\/2016\/05\/Bild-4-1200x800.jpg",1200,800,true],"portfolio_item-thumbnail_cinema":["https:\/\/www.segelclub-neubaeu.de\/wp-content\/uploads\/2016\/05\/Bild-4-800x335.jpg",800,335,true],"portfolio_item-thumbnail_portrait":["https:\/\/www.segelclub-neubaeu.de\/wp-content\/uploads\/2016\/05\/Bild-4-600x900.jpg",600,900,true],"portfolio_item-thumbnail_portrait@2x":["https:\/\/www.segelclub-neubaeu.de\/wp-content\/uploads\/2016\/05\/Bild-4-1200x1800.jpg",1200,1800,true],"portfolio_item-thumbnail_square":["https:\/\/www.segelclub-neubaeu.de\/wp-content\/uploads\/2016\/05\/Bild-4-800x800.jpg",800,800,true]},"_links":{"self":[{"href":"https:\/\/www.segelclub-neubaeu.de\/index.php?rest_route=\/wp\/v2\/pages\/883","targetHints":{"allow":["GET"]}}],"collection":[{"href":"https:\/\/www.segelclub-neubaeu.de\/index.php?rest_route=\/wp\/v2\/pages"}],"about":[{"href":"https:\/\/www.segelclub-neubaeu.de\/index.php?rest_route=\/wp\/v2\/types\/page"}],"author":[{"embeddable":true,"href":"https:\/\/www.segelclub-neubaeu.de\/index.php?rest_route=\/wp\/v2\/users\/1"}],"replies":[{"embeddable":true,"href":"https:\/\/www.segelclub-neubaeu.de\/index.php?rest_route=%2Fwp%2Fv2%2Fcomments&post=883"}],"version-history":[{"count":36,"href":"https:\/\/www.segelclub-neubaeu.de\/index.php?rest_route=\/wp\/v2\/pages\/883\/revisions"}],"predecessor-version":[{"id":1560,"href":"https:\/\/www.segelclub-neubaeu.de\/index.php?rest_route=\/wp\/v2\/pages\/883\/revisions\/1560"}],"wp:featuredmedia":[{"embeddable":true,"href":"https:\/\/www.segelclub-neubaeu.de\/index.php?rest_route=\/wp\/v2\/media\/928"}],"wp:attachment":[{"href":"https:\/\/www.segelclub-neubaeu.de\/index.php?rest_route=%2Fwp%2Fv2%2Fmedia&parent=883"}],"curies":[{"name":"wp","href":"https:\/\/api.w.org\/{rel}","templated":true}]}}