{"id":48,"date":"2011-08-22T22:01:04","date_gmt":"2011-08-22T22:01:04","guid":{"rendered":"http:\/\/segelclub-neubaeu.de\/?page_id=48"},"modified":"2011-08-22T22:04:13","modified_gmt":"2011-08-22T22:04:13","slug":"470er","status":"publish","type":"page","link":"https:\/\/www.segelclub-neubaeu.de\/?page_id=48","title":{"rendered":"470er-Klasse"},"content":{"rendered":"<div id=\"bodyContent\">\n<table cellpadding=\"2\" width=\"200px\">\n<tbody>\n<tr>\n<th colspan=\"2\">Klassenzeichen<\/th>\n<\/tr>\n<tr>\n<td colspan=\"2\"><a href=\"http:\/\/de.wikipedia.org\/w\/index.php?title=Datei:470_black.svg&amp;filetimestamp=20060919113650\"><img decoding=\"async\" src=\"http:\/\/upload.wikimedia.org\/wikipedia\/commons\/thumb\/5\/5e\/470_black.svg\/100px-470_black.svg.png\" alt=\"470 black.svg\" width=\"100\" height=\"67\" \/><\/a><\/td>\n<\/tr>\n<tr>\n<td colspan=\"2\"><strong>Bootsma\u00dfe<\/strong><\/td>\n<\/tr>\n<tr>\n<td><strong><a title=\"Schiffsma\u00dfe\" href=\"http:\/\/de.wikipedia.org\/wiki\/Schiffsma%C3%9Fe#L.C3.A4ngenangaben\">L\u00e4nge \u00fcA<\/a>:<\/strong><\/td>\n<td>4,70\u00a0m<\/td>\n<\/tr>\n<tr>\n<td><strong><a title=\"Schiffsma\u00dfe\" href=\"http:\/\/de.wikipedia.org\/wiki\/Schiffsma%C3%9Fe#L.C3.A4ngenangaben\">L\u00e4nge WL<\/a>:<\/strong><\/td>\n<td>4,44\u00a0m<\/td>\n<\/tr>\n<tr>\n<td><strong><a title=\"Schiffsma\u00dfe\" href=\"http:\/\/de.wikipedia.org\/wiki\/Schiffsma%C3%9Fe#L.C3.A4ngenangaben\">Breite \u00fcA<\/a>:<\/strong><\/td>\n<td>1,68\u00a0m<\/td>\n<\/tr>\n<tr>\n<td><strong><a title=\"Tiefgang\" href=\"http:\/\/de.wikipedia.org\/wiki\/Tiefgang\">Tiefgang<\/a>:<\/strong><\/td>\n<td>0,15 \/ 1,05\u00a0m<\/td>\n<\/tr>\n<tr>\n<td><strong><a title=\"Schiffsmast\" href=\"http:\/\/de.wikipedia.org\/wiki\/Schiffsmast\">Masth\u00f6he<\/a>:<\/strong><\/td>\n<td>6,78\u00a0m<\/td>\n<\/tr>\n<tr>\n<td><strong>Gewicht (segelfertig):<\/strong><\/td>\n<td>120\u00a0kg<\/td>\n<\/tr>\n<tr>\n<td colspan=\"2\"><strong>Segelfl\u00e4che<\/strong><\/td>\n<\/tr>\n<tr>\n<td><strong><a title=\"Segelfl\u00e4che\" href=\"http:\/\/de.wikipedia.org\/wiki\/Segelfl%C3%A4che\">Segelfl\u00e4che am Wind<\/a>:<\/strong><\/td>\n<td>12,7\u00a0m\u00b2<\/td>\n<\/tr>\n<tr>\n<td><strong><a title=\"Gro\u00dfsegel\" href=\"http:\/\/de.wikipedia.org\/wiki\/Gro%C3%9Fsegel\">Gro\u00dfsegel<\/a>:<\/strong><\/td>\n<td>9,12\u00a0m\u00b2<\/td>\n<\/tr>\n<tr>\n<td><strong><a title=\"Fock (Segel)\" href=\"http:\/\/de.wikipedia.org\/wiki\/Fock_(Segel)\">Fock<\/a>:<\/strong><\/td>\n<td>3,58\u00a0m\u00b2<\/td>\n<\/tr>\n<tr>\n<td><strong><a title=\"Spinnaker\" href=\"http:\/\/de.wikipedia.org\/wiki\/Spinnaker\">Spinnaker<\/a>:<\/strong><\/td>\n<td>13\u00a0m\u00b2<\/td>\n<\/tr>\n<tr>\n<td colspan=\"2\"><strong>Sonstiges<\/strong><\/td>\n<\/tr>\n<tr>\n<td><strong><a title=\"Takelage\" href=\"http:\/\/de.wikipedia.org\/wiki\/Takelage#Arten_der_Takelung_.28Segelschiffstypen.29\">Takelungsart:<\/a><\/strong><\/td>\n<td>Slup<\/td>\n<\/tr>\n<tr>\n<td><strong><a title=\"Yardstick\" href=\"http:\/\/de.wikipedia.org\/wiki\/Yardstick\">Yardstickzahl<\/a>:<\/strong><\/td>\n<td>103<\/td>\n<\/tr>\n<tr>\n<td><strong><a title=\"Liste der Bootsklassen\" href=\"http:\/\/de.wikipedia.org\/wiki\/Liste_der_Bootsklassen\">Klasse<\/a>:<\/strong><\/td>\n<td>olympisch<\/td>\n<\/tr>\n<\/tbody>\n<\/table>\n<div>\n<div><a href=\"http:\/\/de.wikipedia.org\/w\/index.php?title=Datei:470_dinghy.svg&amp;filetimestamp=20080710204757\"><img fetchpriority=\"high\" decoding=\"async\" src=\"http:\/\/upload.wikimedia.org\/wikipedia\/commons\/thumb\/e\/e8\/470_dinghy.svg\/220px-470_dinghy.svg.png\" alt=\"\" width=\"220\" height=\"338\" \/><\/a>&nbsp;<\/p>\n<div>\n<div><a title=\"vergr\u00f6\u00dfern\" href=\"http:\/\/de.wikipedia.org\/w\/index.php?title=Datei:470_dinghy.svg&amp;filetimestamp=20080710204757\"><img decoding=\"async\" src=\"http:\/\/bits.wikimedia.org\/skins-1.17\/common\/images\/magnify-clip.png\" alt=\"\" width=\"15\" height=\"11\" \/><\/a><\/div>\n<p>470er Seitenriss<\/p>\n<\/div>\n<\/div>\n<\/div>\n<div>\n<div><a href=\"http:\/\/de.wikipedia.org\/w\/index.php?title=Datei:470er_sailing.jpg&amp;filetimestamp=20061125191551\"><img loading=\"lazy\" decoding=\"async\" src=\"http:\/\/upload.wikimedia.org\/wikipedia\/de\/thumb\/1\/1c\/470er_sailing.jpg\/220px-470er_sailing.jpg\" alt=\"\" width=\"220\" height=\"293\" \/><\/a>&nbsp;<\/p>\n<div>\n<div><a title=\"vergr\u00f6\u00dfern\" href=\"http:\/\/de.wikipedia.org\/w\/index.php?title=Datei:470er_sailing.jpg&amp;filetimestamp=20061125191551\"><img decoding=\"async\" src=\"http:\/\/bits.wikimedia.org\/skins-1.17\/common\/images\/magnify-clip.png\" alt=\"\" width=\"15\" height=\"11\" \/><\/a><\/div>\n<p>470er<\/p>\n<\/div>\n<\/div>\n<\/div>\n<p>Der\u00a0<strong>470er<\/strong> ist eine olympische Zweimann-<a title=\"Jolle\" href=\"http:\/\/de.wikipedia.org\/wiki\/Jolle\">Rennjolle<\/a> mit\u00a0<a title=\"Trapez (Segeln)\" href=\"http:\/\/de.wikipedia.org\/wiki\/Trapez_(Segeln)\">Trapez<\/a> und\u00a0<a title=\"Spinnaker\" href=\"http:\/\/de.wikipedia.org\/wiki\/Spinnaker\">Spinnaker<\/a>.<\/p>\n<h2>Geschichte<\/h2>\n<h2><span style=\"font-size: 16px; color: #444444; line-height: 24px;\">Der Name dieser Bootsklasse leitet sich von der Bootsl\u00e4nge ab. Er wurde 1963 in Frankreich von Andre Cornu entworfen, wurde 1969 internationale Klasse und hat olympischen Status seit den\u00a0<a title=\"Olympische Sommerspiele 1976\" href=\"http:\/\/de.wikipedia.org\/wiki\/Olympische_Sommerspiele_1976\">Olympischen Spielen 1976<\/a> in\u00a0<a title=\"Montreal\" href=\"http:\/\/de.wikipedia.org\/wiki\/Montreal\">Montreal<\/a>. Dort gewannen die Deutschen\u00a0<a title=\"Frank H\u00fcbner (Sportler)\" href=\"http:\/\/de.wikipedia.org\/wiki\/Frank_H%C3%BCbner_(Sportler)\">Frank H\u00fcbner<\/a> als Steuermann und sein\u00a0<a title=\"Vorschoter\" href=\"http:\/\/de.wikipedia.org\/wiki\/Vorschoter\">Vorschoter<\/a> <a title=\"Harro Bode\" href=\"http:\/\/de.wikipedia.org\/wiki\/Harro_Bode\">Harro Bode<\/a> \u00fcberraschend die Goldmedaille vor Spanien, Australien und den favorisierten Franzosen. Seit den Olympischen Spielen 1988 wird der 470er ebenfalls von Frauenteams olympisch gesegelt.<\/span><\/h2>\n<h2>Rumpf<\/h2>\n<p>Der Rumpf besteht aus\u00a0<a title=\"Glasfaserverst\u00e4rkter Kunststoff\" href=\"http:\/\/de.wikipedia.org\/wiki\/Glasfaserverst%C3%A4rkter_Kunststoff\">GFK<\/a> in Mehrkammerausf\u00fchrung mit wasserdichten Seitentanks und wasserdichtem Vorschiff. In den Seitentanks befinden sich zus\u00e4tzlich Festauftriebsk\u00f6rper, die die\u00a0<a title=\"Unsinkbarkeit\" href=\"http:\/\/de.wikipedia.org\/wiki\/Unsinkbarkeit\">Unsinkbarkeit<\/a> der Jolle, selbst bei vollgelaufenen Seitentanks, garantieren. Die Rumpfkonstruktion ist ein Rundspant mit Gleiteigenschaften, so dass auch hohe Geschwindigkeiten erreicht werden k\u00f6nnen.<\/p>\n<h2>Rigg, Takelage, Segel<\/h2>\n<p>Der\u00a0<a title=\"Schiffsmast\" href=\"http:\/\/de.wikipedia.org\/wiki\/Schiffsmast\">Mast<\/a> besteht aus Aluminium. Er wird durch\u00a0<a title=\"Wanten\" href=\"http:\/\/de.wikipedia.org\/wiki\/Wanten\">Stahlwanten<\/a> und\u00a0<a title=\"Vorstag\" href=\"http:\/\/de.wikipedia.org\/wiki\/Vorstag\">Vorstag<\/a> sowie einen Mastcontroller stabilisiert. Eine\u00a0<a title=\"Trapez (Segeln)\" href=\"http:\/\/de.wikipedia.org\/wiki\/Trapez_(Segeln)\">Trapezvorrichtung<\/a> f\u00fcr den Vorschoter ist ebenfalls am Mast angebracht. Die\u00a0<a title=\"Jolle\" href=\"http:\/\/de.wikipedia.org\/wiki\/Jolle\">Jolle<\/a> hat neben einem\u00a0<a title=\"Gro\u00dfsegel\" href=\"http:\/\/de.wikipedia.org\/wiki\/Gro%C3%9Fsegel\">Gro\u00dfsegel<\/a> und einer\u00a0<a title=\"Fock (Segel)\" href=\"http:\/\/de.wikipedia.org\/wiki\/Fock_(Segel)\">Fock<\/a> zus\u00e4tzlich einen\u00a0<a title=\"Spinnaker\" href=\"http:\/\/de.wikipedia.org\/wiki\/Spinnaker\">Spinnaker<\/a>. Zahlreiche Trimmeinrichtungen an Mast und Segeln gew\u00e4hrleisten optimale Trimmm\u00f6glichkeiten, um das hohe Geschwindigkeitspotenzial des Rumpfes voll aussch\u00f6pfen zu k\u00f6nnen.<\/p>\n<h2>Segeln<\/h2>\n<p>Gut segelbar von 1 bis 6\u00a0<a title=\"Beaufortskala\" href=\"http:\/\/de.wikipedia.org\/wiki\/Beaufortskala\">Bft<\/a>, dar\u00fcber noch segelbar von ge\u00fcbten Mannschaften.<\/p>\n<h2>Regatta und Wettfahrten<\/h2>\n<p>In der 470er Klasse werden Regatten f\u00fcr alle Leistungsklassen angeboten, von verbandoffenen Wettfahrten \u00fcber nationale Meisterschaften, kontinentale Meisterschaften bis hin zu Weltmeisterschaften und olympischen Regatten. Durch die Ausgewogenheit der Konstruktion kann die Jolle von Regattaanf\u00e4ngern bereits beherrscht werden. F\u00fcr Regattasegler liegt das optimale Mannschaftsgewicht zwischen 110 und 145\u00a0kg. Auf Grund des moderaten Mannschaftsgewichts ist diese\u00a0<a title=\"Jollenklasse\" href=\"http:\/\/de.wikipedia.org\/wiki\/Jollenklasse\">Jollenklasse<\/a> auch bei Jugend- und Frauenmannschaften weit verbreitet. Ebenfalls sind in der 470er Klasse altersgerechte Veranstaltungen gut eingef\u00fchrt, wie zum Beispiel Juniorenmeisterschaften (U19, U22) oder auch Mastersveranstaltungen f\u00fcr \u00e4ltere Mannschaften (\u00dc30, \u00dc35, \u00dc50). Ranglisten f\u00fcr die Regattasegler werden sowohl auf nationaler als auch auf internationaler Ebene erstellt und ver\u00f6ffentlicht.<\/p>\n<h2>Siehe auch<\/h2>\n<ul>\n<li><a title=\"Liste von Bootsklassen\" href=\"http:\/\/de.wikipedia.org\/wiki\/Liste_von_Bootsklassen\">Liste von Bootsklassen<\/a><\/li>\n<li><a title=\"420er Jolle\" href=\"http:\/\/de.wikipedia.org\/wiki\/420er_Jolle\">420er Jolle<\/a> kleinere Variante zum 470er, ISAF-Klasse<\/li>\n<li><a title=\"505er Jolle\" href=\"http:\/\/de.wikipedia.org\/wiki\/505er_Jolle\">505er Jolle<\/a> gr\u00f6\u00dfere Variante zum 470er, ISAF-Klasse<\/li>\n<li><a title=\"Alpa Esse\" href=\"http:\/\/de.wikipedia.org\/wiki\/Alpa_Esse\">Alpa Esse<\/a> vergleichbare Jolle zum 470er, ital. Fabrikat<\/li>\n<li><a title=\"Liste von Schiffstypen\" href=\"http:\/\/de.wikipedia.org\/wiki\/Liste_von_Schiffstypen\">Liste von Schiffstypen<\/a><\/li>\n<\/ul>\n<\/div>\n<p>&nbsp;<\/p>\n","protected":false},"excerpt":{"rendered":"<p>Klassenzeichen Bootsma\u00dfe L\u00e4nge \u00fcA: 4,70\u00a0m L\u00e4nge WL: 4,44\u00a0m Breite \u00fcA: 1,68\u00a0m Tiefgang: 0,15 \/ 1,05\u00a0m Masth\u00f6he: 6,78\u00a0m Gewicht (segelfertig): 120\u00a0kg Segelfl\u00e4che Segelfl\u00e4che am Wind: 12,7\u00a0m\u00b2 Gro\u00dfsegel: 9,12\u00a0m\u00b2 Fock: 3,58\u00a0m\u00b2 Spinnaker: 13\u00a0m\u00b2 Sonstiges Takelungsart: Slup Yardstickzahl: 103 Klasse: olympisch &nbsp; 470er Seitenriss &nbsp; 470er Der\u00a0470er ist eine olympische Zweimann-Rennjolle mit\u00a0Trapez und\u00a0Spinnaker. Geschichte Der Name dieser Bootsklasse &hellip; <\/p>\n<p class=\"link-more\"><a href=\"https:\/\/www.segelclub-neubaeu.de\/?page_id=48\" class=\"more-link\">Mehr <span class=\"screen-reader-text\">\u00fcber &#8222;470er-Klasse&#8220; <\/span>Lesen<\/a><\/p>\n","protected":false},"author":1,"featured_media":0,"parent":0,"menu_order":0,"comment_status":"open","ping_status":"open","template":"","meta":{"jetpack_post_was_ever_published":false,"footnotes":""},"class_list":["post-48","page","type-page","status-publish","hentry"],"jetpack_shortlink":"https:\/\/wp.me\/P1OL3r-M","jetpack_sharing_enabled":true,"featured_media_urls":[],"_links":{"self":[{"href":"https:\/\/www.segelclub-neubaeu.de\/index.php?rest_route=\/wp\/v2\/pages\/48","targetHints":{"allow":["GET"]}}],"collection":[{"href":"https:\/\/www.segelclub-neubaeu.de\/index.php?rest_route=\/wp\/v2\/pages"}],"about":[{"href":"https:\/\/www.segelclub-neubaeu.de\/index.php?rest_route=\/wp\/v2\/types\/page"}],"author":[{"embeddable":true,"href":"https:\/\/www.segelclub-neubaeu.de\/index.php?rest_route=\/wp\/v2\/users\/1"}],"replies":[{"embeddable":true,"href":"https:\/\/www.segelclub-neubaeu.de\/index.php?rest_route=%2Fwp%2Fv2%2Fcomments&post=48"}],"version-history":[{"count":6,"href":"https:\/\/www.segelclub-neubaeu.de\/index.php?rest_route=\/wp\/v2\/pages\/48\/revisions"}],"predecessor-version":[{"id":55,"href":"https:\/\/www.segelclub-neubaeu.de\/index.php?rest_route=\/wp\/v2\/pages\/48\/revisions\/55"}],"wp:attachment":[{"href":"https:\/\/www.segelclub-neubaeu.de\/index.php?rest_route=%2Fwp%2Fv2%2Fmedia&parent=48"}],"curies":[{"name":"wp","href":"https:\/\/api.w.org\/{rel}","templated":true}]}}