{"id":62,"date":"2011-08-22T22:09:26","date_gmt":"2011-08-22T22:09:26","guid":{"rendered":"http:\/\/segelclub-neubaeu.de\/?page_id=62"},"modified":"2011-08-22T22:09:26","modified_gmt":"2011-08-22T22:09:26","slug":"flying-dutchman","status":"publish","type":"page","link":"http:\/\/www.segelclub-neubaeu.de\/?page_id=62","title":{"rendered":"Flying Dutchman"},"content":{"rendered":"<p>Der\u00a0<strong>Flying Dutchman<\/strong> ist eine 2-Mann-<a title=\"Einheitsklasse\" href=\"http:\/\/de.wikipedia.org\/wiki\/Einheitsklasse\">one-design<\/a>-Regatta-<a title=\"Jolle\" href=\"http:\/\/de.wikipedia.org\/wiki\/Jolle\">Jolle<\/a>.<\/p>\n<h2><span style=\"font-size: 16px; color: #444444; line-height: 24px;\"><br \/>\nDer erste Entwurf wurde 1951 in den Niederlanden von Conrad G\u00fclcher und Uus van Essen gefertigt. Der Entwurf hatte \u00c4hnlichkeiten mit der 15-Quadratmeter-<a title=\"Wanderjolle\" href=\"http:\/\/de.wikipedia.org\/wiki\/Wanderjolle\">Wanderjolle<\/a> und dem<a title=\"Flying Fifteen (Seite nicht vorhanden)\" href=\"http:\/\/de.wikipedia.org\/w\/index.php?title=Flying_Fifteen&amp;action=edit&amp;redlink=1\">Flying Fifteen<\/a>.<\/span>Geschichte<\/h2>\n<p>1952 gab der damalige Pr\u00e4sident der IYRU (heute\u00a0<a title=\"International Sailing Federation\" href=\"http:\/\/de.wikipedia.org\/wiki\/International_Sailing_Federation\">ISAF<\/a>) Sir Peter Scott dem Prototyp den Namen \u201eFlying Dutchman\u201c. Kurz danach fanden Vergleichsregatten mit vielen verschiedenen Booten (unter anderem\u00a0<a title=\"Hornet (Bootsklasse) (Seite nicht vorhanden)\" href=\"http:\/\/de.wikipedia.org\/w\/index.php?title=Hornet_(Bootsklasse)&amp;action=edit&amp;redlink=1\">Hornet<\/a>,\u00a0<a title=\"Sharpie\" href=\"http:\/\/de.wikipedia.org\/wiki\/Sharpie\">Sharpie<\/a>,\u00a0<a title=\"Caenton (Seite nicht vorhanden)\" href=\"http:\/\/de.wikipedia.org\/w\/index.php?title=Caenton&amp;action=edit&amp;redlink=1\">Caenton<\/a> und\u00a0<a title=\"Thistle\" href=\"http:\/\/de.wikipedia.org\/wiki\/Thistle\">Thistle<\/a>) statt, die der Flying Dutchman f\u00fcr sich entschied. Das war die Geburtsstunde des Flying Dutchman, und die nationalen und internationalen Klassenorganisationen begannen, sich zu etablieren. In den Sechziger Jahren gab es bereits Flotten in Europa, Nordamerika, S\u00fcdafrika, Australien, Neuseeland, Venezuela, Argentinien und Thailand.<\/p>\n<p>Viele technische Errungenschaften wurden im Flying Dutchman entwickelt. So unter anderem das Segelfenster, Spinnakert\u00fcte, Endlostrapez und das Rake. Durch seine vielseitigen Trimmm\u00f6glichkeiten und die immense Segelfl\u00e4che in Relation zum Gewicht ist der Flying Dutchman eine rasante, jedoch anspruchsvolle Jolle welche zur Beherrschung viel K\u00f6nnen voraussetzt. Er gilt noch heute, fast 60 Jahre nach seiner Entwicklung, als schnellste konventionelle Jolle.<\/p>\n<p>1960 ersetzte der Flying Dutchman den Sharpie bei den Olympischen Spielen und blieb bis 1992 olympisch. Doch bedeutete der Verlust des Olympiastatus nicht das Ende der Bootsklasse. Auch heute gibt es gro\u00dfe Flotten unter anderem in Europa und Nordamerika.<\/p>\n<p>Seit 2005 darf der Flying Dutchman auch mit einem Mast aus Kohlefaser gesegelt werden.<\/p>\n<h2>Ber\u00fchmte Flying-Dutchman-Segler<\/h2>\n<p>Zu ber\u00fchmten Flying-Dutchman-Seglern z\u00e4hlt\u00a0<a title=\"Rodney Pattison\" href=\"http:\/\/de.wikipedia.org\/wiki\/Rodney_Pattison\">Rodney Pattison<\/a>, der 1968 und 1972 olympisches Gold und 1976 Olympiasilber gewann, von 1969 bis 1971 dreimal in Folge Weltmeister und von 1968 bis 1975 sechsmal Europameister wurde. Die Br\u00fcder\u00a0<a title=\"J\u00f6rg Diesch\" href=\"http:\/\/de.wikipedia.org\/wiki\/J%C3%B6rg_Diesch\">J\u00f6rg<\/a> und\u00a0<a title=\"Eckart Diesch\" href=\"http:\/\/de.wikipedia.org\/wiki\/Eckart_Diesch\">Eckart Diesch<\/a> holten 1975 bis 1986 acht Medaillen bei Weltmeisterschaften und 1976 Olympisches Gold. Ihr Vetter\u00a0<a title=\"Albert Batzill\" href=\"http:\/\/de.wikipedia.org\/wiki\/Albert_Batzill\">Albert \u201eAlba\u201c Batzill<\/a> wurde von 1978 bis 1989 viermal Weltmeister und gewann insgesamt sieben Medaillen bei Flying-Dutchman-Weltmeisterschaften und drei Bronzemedaillen bei Europameisterschaften (1975, 1988, 1991). Der D\u00e4ne\u00a0<a title=\"J\u00f8rgen Bojsen-M\u00f8ller (Seite nicht vorhanden)\" href=\"http:\/\/de.wikipedia.org\/w\/index.php?title=J%C3%B8rgen_Bojsen-M%C3%B8ller&amp;action=edit&amp;redlink=1\">J\u00f8rgen Bojsen-M\u00f8ller<\/a> ersegelte 1988 Olympiagold und vier Jahre sp\u00e4ter olympisches Bronze; zwischen 1988 bis 1993 sowie 2001 und 2007 holte Bojsen-M\u00f8ller sechs Weltmeistertitel und 1979, 2003, 2006 und 2007 \u2212\u00a0d.\u00a0h. 28 Jahre nach seinem ersten Titelgewinn\u00a0\u2212 vier Europameistertitel.<\/p>\n<ul>\n<li>\n<div>\n<div>\n<div><a href=\"http:\/\/de.wikipedia.org\/w\/index.php?title=Datei:Flying_Dutchman_NY_2008_regatta.jpg&amp;filetimestamp=20090321044724\"><img decoding=\"async\" src=\"http:\/\/upload.wikimedia.org\/wikipedia\/commons\/thumb\/7\/77\/Flying_Dutchman_NY_2008_regatta.jpg\/120px-Flying_Dutchman_NY_2008_regatta.jpg\" alt=\"Flying Dutchman NY 2008 regatta.jpg\" width=\"120\" height=\"69\" \/><\/a><\/div>\n<\/div>\n<\/div>\n<\/li>\n<li>\n<div>\n<div>\n<div><a href=\"http:\/\/de.wikipedia.org\/w\/index.php?title=Datei:Flying_Dutchman_NY_2008_trapeze_2.jpg&amp;filetimestamp=20090321045343\"><img decoding=\"async\" src=\"http:\/\/upload.wikimedia.org\/wikipedia\/commons\/thumb\/7\/72\/Flying_Dutchman_NY_2008_trapeze_2.jpg\/120px-Flying_Dutchman_NY_2008_trapeze_2.jpg\" alt=\"Flying Dutchman NY 2008 trapeze 2.jpg\" width=\"120\" height=\"79\" \/><\/a><\/div>\n<\/div>\n<\/div>\n<\/li>\n<li>\n<div>\n<div>\n<div><a href=\"http:\/\/de.wikipedia.org\/w\/index.php?title=Datei:Flying_Dutchmans_NY_2008_trapeze.jpg&amp;filetimestamp=20090321041434\"><img decoding=\"async\" src=\"http:\/\/upload.wikimedia.org\/wikipedia\/commons\/thumb\/a\/a4\/Flying_Dutchmans_NY_2008_trapeze.jpg\/120px-Flying_Dutchmans_NY_2008_trapeze.jpg\" alt=\"Flying Dutchmans NY 2008 trapeze.jpg\" width=\"120\" height=\"51\" \/><\/a><\/div>\n<\/div>\n<\/div>\n<\/li>\n<\/ul>\n<p>&nbsp;<\/p>\n","protected":false},"excerpt":{"rendered":"<p>Der\u00a0Flying Dutchman ist eine 2-Mann-one-design-Regatta-Jolle. Der erste Entwurf wurde 1951 in den Niederlanden von Conrad G\u00fclcher und Uus van Essen gefertigt. Der Entwurf hatte \u00c4hnlichkeiten mit der 15-Quadratmeter-Wanderjolle und demFlying Fifteen.Geschichte 1952 gab der damalige Pr\u00e4sident der IYRU (heute\u00a0ISAF) Sir Peter Scott dem Prototyp den Namen \u201eFlying Dutchman\u201c. Kurz danach fanden Vergleichsregatten mit vielen verschiedenen &hellip; <\/p>\n<p class=\"link-more\"><a href=\"http:\/\/www.segelclub-neubaeu.de\/?page_id=62\" class=\"more-link\">Mehr <span class=\"screen-reader-text\">\u00fcber &#8222;Flying Dutchman&#8220; <\/span>Lesen<\/a><\/p>\n","protected":false},"author":1,"featured_media":0,"parent":0,"menu_order":0,"comment_status":"open","ping_status":"open","template":"","meta":{"jetpack_post_was_ever_published":false,"footnotes":""},"class_list":["post-62","page","type-page","status-publish","hentry"],"jetpack_shortlink":"https:\/\/wp.me\/P1OL3r-10","jetpack_sharing_enabled":true,"featured_media_urls":[],"_links":{"self":[{"href":"http:\/\/www.segelclub-neubaeu.de\/index.php?rest_route=\/wp\/v2\/pages\/62","targetHints":{"allow":["GET"]}}],"collection":[{"href":"http:\/\/www.segelclub-neubaeu.de\/index.php?rest_route=\/wp\/v2\/pages"}],"about":[{"href":"http:\/\/www.segelclub-neubaeu.de\/index.php?rest_route=\/wp\/v2\/types\/page"}],"author":[{"embeddable":true,"href":"http:\/\/www.segelclub-neubaeu.de\/index.php?rest_route=\/wp\/v2\/users\/1"}],"replies":[{"embeddable":true,"href":"http:\/\/www.segelclub-neubaeu.de\/index.php?rest_route=%2Fwp%2Fv2%2Fcomments&post=62"}],"version-history":[{"count":1,"href":"http:\/\/www.segelclub-neubaeu.de\/index.php?rest_route=\/wp\/v2\/pages\/62\/revisions"}],"predecessor-version":[{"id":63,"href":"http:\/\/www.segelclub-neubaeu.de\/index.php?rest_route=\/wp\/v2\/pages\/62\/revisions\/63"}],"wp:attachment":[{"href":"http:\/\/www.segelclub-neubaeu.de\/index.php?rest_route=%2Fwp%2Fv2%2Fmedia&parent=62"}],"curies":[{"name":"wp","href":"https:\/\/api.w.org\/{rel}","templated":true}]}}