{"id":34,"date":"2011-08-22T23:40:49","date_gmt":"2011-08-22T21:40:49","guid":{"rendered":"http:\/\/segelclub-neubaeu.de\/?page_id=34"},"modified":"2024-01-23T16:06:52","modified_gmt":"2024-01-23T14:06:52","slug":"impressum","status":"publish","type":"page","link":"http:\/\/www.segelclub-neubaeu.de\/?page_id=34","title":{"rendered":"Impressum"},"content":{"rendered":"<p><strong>Pr\u00e4sident<\/strong><\/p>\n<p>Gerald Sch\u00e4ffer<\/p>\n<p>Mobil: +491751690732<\/p>\n<p>E-Mail: scnsschaeffer@web.de<br \/>\nAm Steinriegel 13<br \/>\n93426 Wetterfeld<br \/>\nDeutschland<\/p>\n<p><strong>Ansprechpartner\/Sportwart\/Jugendwart <\/strong><br \/>\n<strong>Anfragen zu sportlichen Ereignissen<\/strong><\/p>\n<p>Felix Sch\u00e4ffer<br \/>\n<a href=\"mailto:regatta@segelclub-neubaeu.de\">regatta@segelclub-neubaeu.de<\/a><br \/>\nMobil: +4915121217645<\/p>\n<p><strong>Websiteverantwortlicher<\/strong><\/p>\n<p><span id=\"s3-t-ort\">Christopher Haberl<br \/>\nSperberweg 31<br \/>\n94315 Straubing<br \/>\nwebmaster@segelclub-neubaeu.de<\/span><\/p>\n<p><strong>Segler-Club Neub\u00e4u e. V.<br \/>\nAm Steinriegel 13<br \/>\n93426 Wetterfeld<\/strong><\/p>\n<p>Internet: <a title=\"http:\/\/www.segelclub-neubaeu.de\" href=\"http:\/\/www.segelclub-neubaeu.de\/\">http:\/\/www.segelclub-neubaeu.de<\/a><\/p>\n<p>Vertretungsberechtigter Vorstand: Gerald Sch\u00e4ffer (Anschrift wie oben)<br \/>\nRegistergericht: Amtsgericht Cham<\/p>\n<h2>Haftungsausschluss:<\/h2>\n<p><strong>Haftung f\u00fcr Inhalte<\/strong><\/p>\n<p>Die Inhalte unserer Seiten wurden mit gr\u00f6\u00dfter Sorgfalt erstellt. F\u00fcr die Richtigkeit, Vollst\u00e4ndigkeit und Aktualit\u00e4t der Inhalte k\u00f6nnen wir jedoch keine Gew\u00e4hr \u00fcbernehmen. Als Diensteanbieter sind wir gem\u00e4\u00df \u00a7 7 Abs.1 TMG f\u00fcr eigene Inhalte auf diesen Seiten nach den allgemeinen Gesetzen verantwortlich. Nach \u00a7\u00a7 8 bis 10 TMG sind wir als Diensteanbieter jedoch nicht verpflichtet, \u00fcbermittelte oder gespeicherte fremde Informationen zu \u00fcberwachen oder nach Umst\u00e4nden zu forschen, die auf eine rechtswidrige T\u00e4tigkeit hinweisen. Verpflichtungen zur Entfernung oder Sperrung der Nutzung von Informationen nach den allgemeinen Gesetzen bleiben hiervon unber\u00fchrt. Eine diesbez\u00fcgliche Haftung ist jedoch erst ab dem Zeitpunkt der Kenntnis einer konkreten Rechtsverletzung m\u00f6glich. Bei Bekanntwerden von entsprechenden Rechtsverletzungen werden wir diese Inhalte umgehend entfernen.<\/p>\n<p><strong>Haftung f\u00fcr Links<\/strong><\/p>\n<p>Unser Angebot enth\u00e4lt Links zu externen Webseiten Dritter, auf deren Inhalte wir keinen Einfluss haben. Deshalb k\u00f6nnen wir f\u00fcr diese fremden Inhalte auch keine Gew\u00e4hr \u00fcbernehmen. F\u00fcr die Inhalte der verlinkten Seiten ist stets der jeweilige Anbieter oder Betreiber der Seiten verantwortlich. Die verlinkten Seiten wurden zum Zeitpunkt der Verlinkung auf m\u00f6gliche Rechtsverst\u00f6\u00dfe \u00fcberpr\u00fcft. Rechtswidrige Inhalte waren zum Zeitpunkt der Verlinkung nicht erkennbar. Eine permanente inhaltliche Kontrolle der verlinkten Seiten ist jedoch ohne konkrete Anhaltspunkte einer Rechtsverletzung nicht zumutbar. Bei Bekanntwerden von Rechtsverletzungen werden wir derartige Links umgehend entfernen.<\/p>\n<p><strong>Urheberrecht<\/strong><\/p>\n<p>Die durch die Seitenbetreiber erstellten Inhalte und Werke auf diesen Seiten unterliegen dem deutschen Urheberrecht. Die Vervielf\u00e4ltigung, Bearbeitung, Verbreitung und jede Art der Verwertung au\u00dferhalb der Grenzen des Urheberrechtes bed\u00fcrfen der schriftlichen Zustimmung des jeweiligen Autors bzw. Erstellers. Downloads und Kopien dieser Seite sind nur f\u00fcr den privaten, nicht kommerziellen Gebrauch gestattet. Soweit die Inhalte auf dieser Seite nicht vom Betreiber erstellt wurden, werden die Urheberrechte Dritter beachtet. Insbesondere werden Inhalte Dritter als solche gekennzeichnet. Sollten Sie trotzdem auf eine Urheberrechtsverletzung aufmerksam werden, bitten wir um einen entsprechenden Hinweis. Bei Bekanntwerden von Rechtsverletzungen werden wir derartige Inhalte umgehend entfernen.<\/p>\n<p><strong>Datenschutz<\/strong><\/p>\n<div class=\"s3-t s3-t0\">\n<p><strong><big>Datenschutzerkl\u00e4rung<\/big><\/strong><\/p>\n<p><strong>Allgemeiner Hinweis und Pflichtinformationen<\/strong><\/p>\n<p><strong>Benennung der verantwortlichen Stelle<\/strong><\/p>\n<p>Die verantwortliche Stelle f\u00fcr die Datenverarbeitung auf dieser Website ist:<\/p>\n<p><span id=\"s3-t-firma\"><\/span><span id=\"s3-t-ort\">Christopher Haberl<br \/>\nSperberweg 31<br \/>\n94315 Straubing<br \/>\nwebmaster@segelclub-neubaeu.de<\/span><\/p>\n<p>Die verantwortliche Stelle entscheidet allein oder gemeinsam mit anderen \u00fcber die Zwecke und Mittel der Verarbeitung von personenbezogenen Daten (z.B. Namen, Kontaktdaten o. \u00c4.).<\/p>\n<p><strong>Widerruf Ihrer Einwilligung zur Datenverarbeitung<\/strong><\/p>\n<p>Nur mit Ihrer ausdr\u00fccklichen Einwilligung sind einige Vorg\u00e4nge der Datenverarbeitung m\u00f6glich. Ein Widerruf Ihrer bereits erteilten Einwilligung ist jederzeit m\u00f6glich. F\u00fcr den Widerruf gen\u00fcgt eine formlose Mitteilung per E-Mail. Die Rechtm\u00e4\u00dfigkeit der bis zum Widerruf erfolgten Datenverarbeitung bleibt vom Widerruf unber\u00fchrt.<\/p>\n<p><strong>Recht auf Beschwerde bei der zust\u00e4ndigen Aufsichtsbeh\u00f6rde<\/strong><\/p>\n<p>Als Betroffener steht Ihnen im Falle eines datenschutzrechtlichen Versto\u00dfes ein Beschwerderecht bei der zust\u00e4ndigen Aufsichtsbeh\u00f6rde zu. Zust\u00e4ndige Aufsichtsbeh\u00f6rde bez\u00fcglich datenschutzrechtlicher Fragen ist der Landesdatenschutzbeauftragte des Bundeslandes, in dem sich der Sitz unseres Unternehmens befindet. Der folgende Link stellt eine Liste der Datenschutzbeauftragten sowie deren Kontaktdaten bereit: <a href=\"https:\/\/www.bfdi.bund.de\/DE\/Infothek\/Anschriften_Links\/anschriften_links-node.html\" target=\"_blank\" rel=\"noopener noreferrer\">https:\/\/www.bfdi.bund.de\/DE\/Infothek\/Anschriften_Links\/anschriften_links-node.html<\/a>.<\/p>\n<p><strong>Recht auf Daten\u00fcbertragbarkeit<\/strong><\/p>\n<p>Ihnen steht das Recht zu, Daten, die wir auf Grundlage Ihrer Einwilligung oder in Erf\u00fcllung eines Vertrags automatisiert verarbeiten, an sich oder an Dritte aush\u00e4ndigen zu lassen. Die Bereitstellung erfolgt in einem maschinenlesbaren Format. Sofern Sie die direkte \u00dcbertragung der Daten an einen anderen Verantwortlichen verlangen, erfolgt dies nur, soweit es technisch machbar ist.<\/p>\n<p><strong>Recht auf Auskunft, Berichtigung, Sperrung, L\u00f6schung<\/strong><\/p>\n<p>Sie haben jederzeit im Rahmen der geltenden gesetzlichen Bestimmungen das Recht auf unentgeltliche Auskunft \u00fcber Ihre gespeicherten personenbezogenen Daten, Herkunft der Daten, deren Empf\u00e4nger und den Zweck der Datenverarbeitung und ggf. ein Recht auf Berichtigung, Sperrung oder L\u00f6schung dieser Daten. Diesbez\u00fcglich und auch zu weiteren Fragen zum Thema personenbezogene Daten k\u00f6nnen Sie sich jederzeit \u00fcber die im Impressum aufgef\u00fchrten Kontaktm\u00f6glichkeiten an uns wenden.<\/p>\n<p><strong>SSL- bzw. TLS-Verschl\u00fcsselung<\/strong><\/p>\n<p>Aus Sicherheitsgr\u00fcnden und zum Schutz der \u00dcbertragung vertraulicher Inhalte, die Sie an uns als Seitenbetreiber senden, nutzt unsere Website eine SSL-bzw. TLS-Verschl\u00fcsselung. Damit sind Daten, die Sie \u00fcber diese Website \u00fcbermitteln, f\u00fcr Dritte nicht mitlesbar. Sie erkennen eine verschl\u00fcsselte Verbindung an der \u201ehttps:\/\/\u201c Adresszeile Ihres Browsers und am Schloss-Symbol in der Browserzeile.<\/p>\n<\/div>\n<div class=\"s3-t s3-t6\">\n<p><strong>Speicherdauer von Beitr\u00e4gen und Kommentaren<\/strong><\/p>\n<p>Beitr\u00e4ge und Kommentare sowie damit in Verbindung stehende Daten, wie beispielsweise IP-Adressen, werden gespeichert. Der Inhalt verbleibt auf unserer Website, bis er vollst\u00e4ndig gel\u00f6scht wurde oder aus rechtlichen Gr\u00fcnden gel\u00f6scht werden musste.<\/p>\n<p>Die Speicherung der Beitr\u00e4ge und Kommentare erfolgt auf Grundlage Ihrer Einwilligung (Art. 6 Abs. 1 lit. a DSGVO). Ein Widerruf Ihrer bereits erteilten Einwilligung ist jederzeit m\u00f6glich. F\u00fcr den Widerruf gen\u00fcgt eine formlose Mitteilung per E-Mail. Die Rechtm\u00e4\u00dfigkeit bereits erfolgter Datenverarbeitungsvorg\u00e4nge bleibt vom Widerruf unber\u00fchrt.<\/p>\n<\/div>\n<div class=\"s3-t s3-t0\">\n<p><small>Quelle: Datenschutz-Konfigurator von <a href=\"http:\/\/www.mein-datenschutzbeauftragter.de\" target=\"_blank\" rel=\"noopener noreferrer\">mein-datenschutzbeauftragter.de<\/a><\/small><\/p>\n<\/div>\n<p>S\u00e4mtliche Bilder, die hier auf dieser Homepage publiziert werden, sind urheberrechtlich gesch\u00fctzt. Eine Publizierung auf anderen Webseiten ist erst nach Absprache mit dem <a title=\"mailto:admin@segelclub-neubaeu.de?subject=Fotos\" href=\"mailto:admin@segelclub-neubaeu.de?subject=Fotos\">Webmaster<\/a> gestattet.<\/p>\n","protected":false},"excerpt":{"rendered":"<p>Pr\u00e4sident Gerald Sch\u00e4ffer Mobil: +491751690732 E-Mail: scnsschaeffer@web.de Am Steinriegel 13 93426 Wetterfeld Deutschland Ansprechpartner\/Sportwart\/Jugendwart Anfragen zu sportlichen Ereignissen Felix Sch\u00e4ffer regatta@segelclub-neubaeu.de Mobil: +4915121217645 Websiteverantwortlicher Christopher Haberl Sperberweg 31 94315 Straubing webmaster@segelclub-neubaeu.de Segler-Club Neub\u00e4u e. V. Am Steinriegel 13 93426 Wetterfeld Internet: http:\/\/www.segelclub-neubaeu.de Vertretungsberechtigter Vorstand: Gerald Sch\u00e4ffer (Anschrift wie oben) Registergericht: Amtsgericht Cham Haftungsausschluss: Haftung f\u00fcr &hellip; <\/p>\n<p class=\"link-more\"><a href=\"http:\/\/www.segelclub-neubaeu.de\/?page_id=34\" class=\"more-link\">Mehr <span class=\"screen-reader-text\">\u00fcber &#8222;Impressum&#8220; <\/span>Lesen<\/a><\/p>\n","protected":false},"author":1,"featured_media":0,"parent":0,"menu_order":0,"comment_status":"open","ping_status":"open","template":"","meta":{"jetpack_post_was_ever_published":false,"footnotes":""},"class_list":["post-34","page","type-page","status-publish","hentry"],"jetpack_shortlink":"https:\/\/wp.me\/P1OL3r-y","jetpack_sharing_enabled":true,"featured_media_urls":[],"_links":{"self":[{"href":"http:\/\/www.segelclub-neubaeu.de\/index.php?rest_route=\/wp\/v2\/pages\/34","targetHints":{"allow":["GET"]}}],"collection":[{"href":"http:\/\/www.segelclub-neubaeu.de\/index.php?rest_route=\/wp\/v2\/pages"}],"about":[{"href":"http:\/\/www.segelclub-neubaeu.de\/index.php?rest_route=\/wp\/v2\/types\/page"}],"author":[{"embeddable":true,"href":"http:\/\/www.segelclub-neubaeu.de\/index.php?rest_route=\/wp\/v2\/users\/1"}],"replies":[{"embeddable":true,"href":"http:\/\/www.segelclub-neubaeu.de\/index.php?rest_route=%2Fwp%2Fv2%2Fcomments&post=34"}],"version-history":[{"count":17,"href":"http:\/\/www.segelclub-neubaeu.de\/index.php?rest_route=\/wp\/v2\/pages\/34\/revisions"}],"predecessor-version":[{"id":1447,"href":"http:\/\/www.segelclub-neubaeu.de\/index.php?rest_route=\/wp\/v2\/pages\/34\/revisions\/1447"}],"wp:attachment":[{"href":"http:\/\/www.segelclub-neubaeu.de\/index.php?rest_route=%2Fwp%2Fv2%2Fmedia&parent=34"}],"curies":[{"name":"wp","href":"https:\/\/api.w.org\/{rel}","templated":true}]}}