{"id":107,"date":"2011-08-23T10:24:08","date_gmt":"2011-08-23T10:24:08","guid":{"rendered":"http:\/\/segelclub-neubaeu.de\/?page_id=107"},"modified":"2024-01-24T16:36:17","modified_gmt":"2024-01-24T14:36:17","slug":"hinweise-zu-allen-regatten","status":"publish","type":"page","link":"http:\/\/www.segelclub-neubaeu.de\/?page_id=107","title":{"rendered":"Hinweise zu allen Bayerwald &#8211; Regatten"},"content":{"rendered":"<p><a href=\"http:\/\/segelclub-neubaeu.de\/wp-content\/uploads\/2011\/08\/Segelanweisung-SCNS.pdf\">\u00a0<\/a><\/p>\n<table border=\"2\">\n<tbody>\n<tr>\n<td>Austragungsort<\/td>\n<td>Segler-Club Neub\u00e4u e.V.<br \/>\nFronauer Stra\u00dfe 32, 93426 Neub\u00e4u<\/td>\n<\/tr>\n<tr>\n<td>Meldeanschrift<\/td>\n<td>Segler-Club Neub\u00e4u e.V.<br \/>\nAm Steinriegel 13, 93426 Wetterfeld<br \/>\nKontakt: Gerald Sch\u00e4ffer<br \/>\nTel.: 09461\/401461Meldung online \u00fcber <a href=\"https:\/\/www.manage2sail.com\/de-DE\/Club\/Detail\/28146bbd-8db4-4304-b6f9-a2a2042ad690\">Manage2Sail<\/a><\/td>\n<\/tr>\n<tr>\n<td>Startgeld<\/td>\n<td>Siehe Ausschreibungen, zahlbar vor Ort bei Unterzeichnung der Segelanweisung<\/td>\n<\/tr>\n<tr>\n<td>Unterkunft<\/td>\n<td>Auf unserem Camping-Platz mit Wohn-\/Automobil oder Zelt. In benachbarten Unterk\u00fcnften, z.B. Hotel Schie\u00dfl, Seestra\u00dfe 1-3, 93426 Neub\u00e4u<\/td>\n<\/tr>\n<tr>\n<td>Wettfahrten<\/td>\n<td>Eine abgeschlossene Wettfahrt ist zur G\u00fcltigkeit der Serie erforderlich.<br \/>\nWerden weniger als 4 Wettfahrten abgeschlossen, ist die Wertung der Serie eines Bootes gleich der Summe seiner Wertungen in den Wettfahrten.<br \/>\nWerden 4 oder mehr Wettfahrten abgeschlossen, ist die Wertung der Serie eines Bootes gleich der Summe seiner Wertungen in den Wettfahrten ausgenommen seiner schlechtesten Wertung.<\/td>\n<\/tr>\n<tr>\n<td>Wettfahrtbestimmungen<\/td>\n<td>Die Veranstaltung wird nach den Regeln, wie sie in den Wettfahrtregeln Segeln (WR) definiert sind, durchgef\u00fchrt. Die Wertung erfolgt gem\u00e4\u00df des &#8222;Low-Point-Systems&#8220;.<\/td>\n<\/tr>\n<tr>\n<td>Haftungsausschluss<\/td>\n<td>Der Veranstalter haftet nicht f\u00fcr Sch\u00e4den oder Verluste an Leben oder Eigentum, die durch die Teilnahme an unseren Regatten entstehen. Mit Meldung zur Regatta muss von jedem Steuermann und jedem Crewmitglied ein Haftungsausschluss unterzeichnet werden.<\/td>\n<\/tr>\n<\/tbody>\n<\/table>\n<p>Die Sollzeit f\u00fcr eine Wettfahrt betr\u00e4gt bei der Bootsklasse FD 50 Minuten. Das Zeitlimit f\u00fcr das erste Boot betr\u00e4gt 90 Minuten. F\u00fcr alle anderen Schiffe gilt ein Zeitlimit von 20 Minuten nach Zieldurchgang des ersten Bootes.<\/p>\n","protected":false},"excerpt":{"rendered":"<p>\u00a0 Austragungsort Segler-Club Neub\u00e4u e.V. Fronauer Stra\u00dfe 32, 93426 Neub\u00e4u Meldeanschrift Segler-Club Neub\u00e4u e.V. Am Steinriegel 13, 93426 Wetterfeld Kontakt: Gerald Sch\u00e4ffer Tel.: 09461\/401461Meldung online \u00fcber Manage2Sail Startgeld Siehe Ausschreibungen, zahlbar vor Ort bei Unterzeichnung der Segelanweisung Unterkunft Auf unserem Camping-Platz mit Wohn-\/Automobil oder Zelt. In benachbarten Unterk\u00fcnften, z.B. Hotel Schie\u00dfl, Seestra\u00dfe 1-3, 93426 Neub\u00e4u &hellip; <\/p>\n<p class=\"link-more\"><a href=\"http:\/\/www.segelclub-neubaeu.de\/?page_id=107\" class=\"more-link\">Mehr <span class=\"screen-reader-text\">\u00fcber &#8222;Hinweise zu allen Bayerwald &#8211; Regatten&#8220; <\/span>Lesen<\/a><\/p>\n","protected":false},"author":1,"featured_media":0,"parent":0,"menu_order":0,"comment_status":"open","ping_status":"open","template":"","meta":{"jetpack_post_was_ever_published":false,"footnotes":""},"class_list":["post-107","page","type-page","status-publish","hentry"],"jetpack_shortlink":"https:\/\/wp.me\/P1OL3r-1J","jetpack_sharing_enabled":true,"featured_media_urls":[],"_links":{"self":[{"href":"http:\/\/www.segelclub-neubaeu.de\/index.php?rest_route=\/wp\/v2\/pages\/107","targetHints":{"allow":["GET"]}}],"collection":[{"href":"http:\/\/www.segelclub-neubaeu.de\/index.php?rest_route=\/wp\/v2\/pages"}],"about":[{"href":"http:\/\/www.segelclub-neubaeu.de\/index.php?rest_route=\/wp\/v2\/types\/page"}],"author":[{"embeddable":true,"href":"http:\/\/www.segelclub-neubaeu.de\/index.php?rest_route=\/wp\/v2\/users\/1"}],"replies":[{"embeddable":true,"href":"http:\/\/www.segelclub-neubaeu.de\/index.php?rest_route=%2Fwp%2Fv2%2Fcomments&post=107"}],"version-history":[{"count":7,"href":"http:\/\/www.segelclub-neubaeu.de\/index.php?rest_route=\/wp\/v2\/pages\/107\/revisions"}],"predecessor-version":[{"id":1460,"href":"http:\/\/www.segelclub-neubaeu.de\/index.php?rest_route=\/wp\/v2\/pages\/107\/revisions\/1460"}],"wp:attachment":[{"href":"http:\/\/www.segelclub-neubaeu.de\/index.php?rest_route=%2Fwp%2Fv2%2Fmedia&parent=107"}],"curies":[{"name":"wp","href":"https:\/\/api.w.org\/{rel}","templated":true}]}}