{"id":1029,"date":"2018-01-04T15:56:29","date_gmt":"2018-01-04T13:56:29","guid":{"rendered":"http:\/\/www.segelclub-neubaeu.de\/?page_id=1029"},"modified":"2018-01-04T17:00:35","modified_gmt":"2018-01-04T15:00:35","slug":"50-jahre-scns-herzliche-einladung","status":"publish","type":"page","link":"http:\/\/www.segelclub-neubaeu.de\/?page_id=1029","title":{"rendered":"50 Jahre SCNS &#8211; Ein unvergessliches Jahr f\u00fcr den SCNS"},"content":{"rendered":"<p>Liebe Clubmitglieder und Freunde des SCNS,<br \/>\neine nicht unereignisreiche Saison unseres Clubs ist zu Ende. Diese Saison, auf die\u00a0wir alle sehr stolz sein k\u00f6nnen, wird wahrscheinlich unerreichbar sein.<\/p>\n<p>Von unseren Regatten \u00fcber die Filmaufnahmen des Bayerischer Rundfunks zur Bayerwald &#8211; Regatta der Conger und Laser bis hin zum Schirmherrenbitten und zu unserer 50-Jahrfeier sowie vielen gesellschaftlichen Highlights im Clubhaus, war das schon ein absolut herausragendes Jahr. Auch unsere Medienpr\u00e4senz (Fernsehen und Printmedien) war noch nie so intensiv wie im vergangenen Jahr. Das Sch\u00f6nste dabei ist aber die Tatsache, dass trotz vieler Herausforderungen in diesem Jahr wieder alle zusammengeholfen und an einem Strang gezogen haben. Mein Dank und meine Anerkennung gilt allen, die sich in der jeweiligen Vorbereitung, Durchf\u00fchrung und Nachbereitung engagiert haben. Das Feedback vieler Leute mit denen ich gesprochen habe war durchwegs \u00e4u\u00dferst positiv. Aussagen wie \u201edas was ihr heuer geleistet habt, hat noch kein Verein in Neub\u00e4u auf die Beine gestellt\u201c, oder \u201eihr habt einen vorbildlichen Zusammenhalt\u201c, erf\u00fcllen mich mit Freude und Stolz. An dieser Stelle werde ich aber keine Einzelnen explizit herausheben und besonders loben. Viele haben sich nach ihren M\u00f6glichkeiten in dieser Saison mit eingebracht und deshalb werden wir in der neuen Saison beim Ansegeln (05.05.2018) ein kleines Dankesch\u00f6n-Fest veranstalten, zu dem wir auch die Helferinnen und Helfer au\u00dferhalb des Vereins mit einladen werden.<br \/>\nAber wir d\u00fcrfen uns auch schon auf die kommende Saison freuen, die sich mit einem neuen Schwerpunkt ank\u00fcndigt. Es ist f\u00fcr unseren Verein eine besondere Ehre von 09. bis 10. Juni 2018 die Offene Bayerische Meisterschaft im Flying Dutchman austragen zu d\u00fcrfen. Da unser See aus Kapazit\u00e4tsgr\u00fcnden f\u00fcr diese Meisterschaft leider nicht geeignet ist, wird diese Veranstaltung unter unserer Federf\u00fchrung am Steinberger See durchgef\u00fchrt werden. Die Vorbereitungen laufen und ich hoffe, dass auch f\u00fcr dieses Event wieder alle zusammenhelfen und wir uns als hervorragender Gastgeber pr\u00e4sentieren.<br \/>\nIn diesem Sinne hoffe ich euch\u00a0alle in der neuen Saison wieder zu sehen und w\u00fcnsche euch immer eine Handbreit Wasser unter dem Schwert.<\/p>\n<p>Gerald Sch\u00e4ffer<\/p>\n<p>Vereinspr\u00e4sident<\/p>\n<p><a href=\"http:\/\/www.mittelbayerische.de\/region\/cham-nachrichten\/segler-club-feiert-sein-50-jaehriges-20909-art1531126.html\">Medienbericht in der Mittelbayerischen Zeitung zum Schirmherrenbitten<\/a><\/p>\n<p><a href=\"http:\/\/www.ardmediathek.de\/tv\/Schwaben-Altbayern\/Der-Segel-Club-Neub%C3%A4u\/BR-Fernsehen\/Video?bcastId=14913702&amp;documentId=44640234\">Beitrag im BR \u00fcber den SCNS<\/a><\/p>\n","protected":false},"excerpt":{"rendered":"<p>Liebe Clubmitglieder und Freunde des SCNS, eine nicht unereignisreiche Saison unseres Clubs ist zu Ende. Diese Saison, auf die\u00a0wir alle sehr stolz sein k\u00f6nnen, wird wahrscheinlich unerreichbar sein. Von unseren Regatten \u00fcber die Filmaufnahmen des Bayerischer Rundfunks zur Bayerwald &#8211; Regatta der Conger und Laser bis hin zum Schirmherrenbitten und zu unserer 50-Jahrfeier sowie vielen &hellip; <\/p>\n<p class=\"link-more\"><a href=\"http:\/\/www.segelclub-neubaeu.de\/?page_id=1029\" class=\"more-link\">Mehr <span class=\"screen-reader-text\">\u00fcber &#8222;50 Jahre SCNS &#8211; Ein unvergessliches Jahr f\u00fcr den SCNS&#8220; <\/span>Lesen<\/a><\/p>\n","protected":false},"author":1,"featured_media":0,"parent":0,"menu_order":0,"comment_status":"closed","ping_status":"closed","template":"","meta":{"jetpack_post_was_ever_published":false,"footnotes":""},"class_list":["post-1029","page","type-page","status-publish","hentry"],"jetpack_shortlink":"https:\/\/wp.me\/P1OL3r-gB","jetpack_sharing_enabled":true,"featured_media_urls":[],"_links":{"self":[{"href":"http:\/\/www.segelclub-neubaeu.de\/index.php?rest_route=\/wp\/v2\/pages\/1029","targetHints":{"allow":["GET"]}}],"collection":[{"href":"http:\/\/www.segelclub-neubaeu.de\/index.php?rest_route=\/wp\/v2\/pages"}],"about":[{"href":"http:\/\/www.segelclub-neubaeu.de\/index.php?rest_route=\/wp\/v2\/types\/page"}],"author":[{"embeddable":true,"href":"http:\/\/www.segelclub-neubaeu.de\/index.php?rest_route=\/wp\/v2\/users\/1"}],"replies":[{"embeddable":true,"href":"http:\/\/www.segelclub-neubaeu.de\/index.php?rest_route=%2Fwp%2Fv2%2Fcomments&post=1029"}],"version-history":[{"count":18,"href":"http:\/\/www.segelclub-neubaeu.de\/index.php?rest_route=\/wp\/v2\/pages\/1029\/revisions"}],"predecessor-version":[{"id":1178,"href":"http:\/\/www.segelclub-neubaeu.de\/index.php?rest_route=\/wp\/v2\/pages\/1029\/revisions\/1178"}],"wp:attachment":[{"href":"http:\/\/www.segelclub-neubaeu.de\/index.php?rest_route=%2Fwp%2Fv2%2Fmedia&parent=1029"}],"curies":[{"name":"wp","href":"https:\/\/api.w.org\/{rel}","templated":true}]}}